{"id":38,"date":"2025-05-08T18:15:37","date_gmt":"2025-05-08T18:15:37","guid":{"rendered":"https:\/\/cdasanrafael.com\/?page_id=38"},"modified":"2025-05-26T23:25:17","modified_gmt":"2025-05-26T23:25:17","slug":"contacto","status":"publish","type":"page","link":"https:\/\/cdasanrafael.com\/index.php\/contacto\/","title":{"rendered":"CONTACTO"},"content":{"rendered":"\n<div class=\"wp-block-group alignfull is-style-section-5 has-global-padding is-layout-constrained wp-container-core-group-is-layout-f97f3124 wp-block-group-is-layout-constrained is-style-section-5--1\" style=\"min-height:100vh;margin-top:0;margin-bottom:0;padding-top:var(--wp--preset--spacing--50);padding-right:var(--wp--preset--spacing--20);padding-bottom:var(--wp--preset--spacing--50);padding-left:var(--wp--preset--spacing--20)\">\n<h2 class=\"wp-block-heading has-text-align-center\" style=\"font-size:clamp(3.8rem, 3.8rem + ((1vw - 0.2rem) * 6.588), 8rem);\">contacto<\/h2>\n\n\n\n<div class=\"wp-block-columns alignfull is-layout-flex wp-container-core-columns-is-layout-43a2cb3c wp-block-columns-is-layout-flex\" style=\"padding-top:var(--wp--preset--spacing--20);padding-right:var(--wp--preset--spacing--20);padding-bottom:var(--wp--preset--spacing--20);padding-left:var(--wp--preset--spacing--20)\">\n<div class=\"wp-block-column is-layout-flow wp-block-column-is-layout-flow\">\n<div class=\"wp-block-group is-vertical is-content-justification-stretch is-nowrap is-layout-flex wp-container-core-group-is-layout-9a2e2d63 wp-block-group-is-layout-flex\" style=\"min-height:100%\">\n<p class=\"has-text-align-left has-large-font-size\" style=\"line-height:1.2\">En <strong>CDA San Rafael<\/strong> estamos comprometidos con tu seguridad y la de tu veh\u00edculo. Si tienes preguntas, deseas agendar tu revisi\u00f3n t\u00e9cnico-mec\u00e1nica o necesitas informaci\u00f3n sobre nuestros servicios, no dudes en comunicarte con nosotros.<\/p>\n\n\n\n<div style=\"height:45px;width:0px\" aria-hidden=\"true\" class=\"wp-block-spacer wp-container-content-95fa6ccb\"><\/div>\n\n\n\n<h2 class=\"wp-block-heading\">\ud83d\udccd Direcci\u00f3n<\/h2>\n\n\n\n<p class=\"has-text-align-left has-large-font-size\" style=\"line-height:1.2\">Segundo anillo vial sentido norte-sur, diagonal al Gimnasio Campestre<br><strong>Cl. 78, Monter\u00eda, C\u00f3rdoba<\/strong><\/p>\n\n\n\n<div style=\"height:45px;width:0px\" aria-hidden=\"true\" class=\"wp-block-spacer wp-container-content-95fa6ccb\"><\/div>\n\n\n\n<h2 class=\"wp-block-heading\">\ud83d\udcf1 Tel\u00e9fonos<\/h2>\n\n\n\n<p class=\"has-text-align-left has-large-font-size\" style=\"line-height:1.2\"><strong>WhatsApp:<\/strong> <a href=\"https:\/\/wa.me\/573013252370?text=Hola%2C%20quisiera%20m\u00e1s%20informaci\u00f3n%20sobre%20el%20servicio%20de%20revisi\u00f3n%20t\u00e9cnico-mec\u00e1nica.\">301 325 2370<\/a><br><strong>L\u00ednea principal:<\/strong> 301 325 2370<\/p>\n\n\n\n<div style=\"height:45px;width:0px\" aria-hidden=\"true\" class=\"wp-block-spacer wp-container-content-95fa6ccb\"><\/div>\n\n\n\n<h2 class=\"wp-block-heading\">\ud83d\udce7 Correo electr\u00f3nico<\/h2>\n\n\n\n<p class=\"has-text-align-left has-large-font-size\" style=\"line-height:1.2\"><a href=\"mailto:sanrafaelcda@gmail.com?subject=Solicitud%20de%20informaci\u00f3n%20-%20Revisi\u00f3n%20T\u00e9cnico-Mec\u00e1nica&amp;body=Hola%2C%20quisiera%20m\u00e1s%20informaci\u00f3n%20sobre%20el%20servicio%20de%20revisi\u00f3n%20t\u00e9cnico-mec\u00e1nica.%20Gracias.\">sanrafaelcda@gmail.com<\/a><\/p>\n\n\n\n<div style=\"height:45px;width:0px\" aria-hidden=\"true\" class=\"wp-block-spacer wp-container-content-95fa6ccb\"><\/div>\n\n\n\n<h2 class=\"wp-block-heading\">\ud83d\udd52 Horario de atenci\u00f3n<\/h2>\n\n\n\n<p class=\"has-text-align-left has-large-font-size\" style=\"line-height:1.2\"><strong>Lunes a viernes:<\/strong> 7:00 a.m. \u2013 6:00 p.m.<br><strong>S\u00e1bados:<\/strong> 7:00 a.m. \u2013 4:00 p.m.<br><strong>Domingos:<\/strong> 8:00 a.m. \u2013 12:00 p.m.<\/p>\n\n\n\n<div style=\"height:45px;width:0px\" aria-hidden=\"true\" class=\"wp-block-spacer wp-container-content-95fa6ccb\"><\/div>\n\n\n\n<div class=\"wp-block-group is-nowrap is-layout-flex wp-container-core-group-is-layout-f1189ed3 wp-block-group-is-layout-flex\">\n<p><a href=\"https:\/\/www.instagram.com\/cdasanrafael\/\">Instagram<\/a><\/p>\n<\/div>\n<\/div>\n<\/div>\n<\/div>\n\n\n\n<div style=\"position: relative; padding-bottom: 125%; height: 0; overflow: hidden; max-width: 100%; height: auto;\">\n  <iframe src=\"https:\/\/www.google.com\/maps\/embed?pb=!1m18!1m12!1m3!1d3943.139878908542!2d-75.85273912431009!3d8.7729078929437!2m3!1f0!2f0!3f0!3m2!1i1024!2i768!4f13.1!3m3!1m2!1s0x8e5a2f5ef6471e31%3A0x43cdea4fb99d5a04!2sC.D.A%20SAN%20RAFAEL%20S.A.S!5e0!3m2!1ses-419!2sco!4v1746729349909!5m2!1ses-419!2sco\" \n    style=\"position: absolute; top: 0; left: 0; width: 100%; height: 100%; border: 0;\" \n    allowfullscreen=\"\" loading=\"lazy\" referrerpolicy=\"no-referrer-when-downgrade\"><\/iframe>\n<\/div>\n<\/div>\n","protected":false},"excerpt":{"rendered":"<p>contacto En CDA San Rafael estamos comprometidos con tu seguridad y la de tu veh\u00edculo. Si tienes preguntas, deseas agendar tu revisi\u00f3n t\u00e9cnico-mec\u00e1nica o necesitas informaci\u00f3n sobre nuestros servicios, no dudes en comunicarte con nosotros. \ud83d\udccd Direcci\u00f3n Segundo anillo vial sentido norte-sur, diagonal al Gimnasio CampestreCl. 78, Monter\u00eda, C\u00f3rdoba \ud83d\udcf1 Tel\u00e9fonos WhatsApp: 301 325 2370L\u00ednea [&hellip;]<\/p>\n","protected":false},"author":1,"featured_media":0,"parent":0,"menu_order":3,"comment_status":"closed","ping_status":"closed","template":"page-no-title","meta":{"footnotes":""},"class_list":["post-38","page","type-page","status-publish","hentry"],"_links":{"self":[{"href":"https:\/\/cdasanrafael.com\/index.php\/wp-json\/wp\/v2\/pages\/38","targetHints":{"allow":["GET"]}}],"collection":[{"href":"https:\/\/cdasanrafael.com\/index.php\/wp-json\/wp\/v2\/pages"}],"about":[{"href":"https:\/\/cdasanrafael.com\/index.php\/wp-json\/wp\/v2\/types\/page"}],"author":[{"embeddable":true,"href":"https:\/\/cdasanrafael.com\/index.php\/wp-json\/wp\/v2\/users\/1"}],"replies":[{"embeddable":true,"href":"https:\/\/cdasanrafael.com\/index.php\/wp-json\/wp\/v2\/comments?post=38"}],"version-history":[{"count":27,"href":"https:\/\/cdasanrafael.com\/index.php\/wp-json\/wp\/v2\/pages\/38\/revisions"}],"predecessor-version":[{"id":489,"href":"https:\/\/cdasanrafael.com\/index.php\/wp-json\/wp\/v2\/pages\/38\/revisions\/489"}],"wp:attachment":[{"href":"https:\/\/cdasanrafael.com\/index.php\/wp-json\/wp\/v2\/media?parent=38"}],"curies":[{"name":"wp","href":"https:\/\/api.w.org\/{rel}","templated":true}]}}